{"id":766,"date":"2023-11-20T10:32:20","date_gmt":"2023-11-20T10:32:20","guid":{"rendered":"https:\/\/onggiosaoviet.vn\/index.php\/gio-hang\/"},"modified":"2023-11-24T02:37:43","modified_gmt":"2023-11-24T02:37:43","slug":"cart","status":"publish","type":"page","link":"https:\/\/onggiosaoviet.vn\/en\/cart\/","title":{"rendered":"Cart"},"content":{"rendered":"<div data-block-name=\"woocommerce\/cart\" class=\"wp-block-woocommerce-cart alignwide is-loading\">\n<div data-block-name=\"woocommerce\/filled-cart-block\" class=\"wp-block-woocommerce-filled-cart-block\">\n<div data-block-name=\"woocommerce\/cart-items-block\" class=\"wp-block-woocommerce-cart-items-block\">\n<div data-block-name=\"woocommerce\/cart-line-items-block\" class=\"wp-block-woocommerce-cart-line-items-block\"><\/div>\n\n\n\n<div data-block-name=\"woocommerce\/cart-cross-sells-block\" class=\"wp-block-woocommerce-cart-cross-sells-block\">\n<h2 class=\"wp-block-heading has-large-font-size\">You may be interested in\u2026<\/h2>\n\n\n\n<div data-block-name=\"woocommerce\/cart-cross-sells-products-block\" class=\"wp-block-woocommerce-cart-cross-sells-products-block\"><\/div>\n<\/div>\n<\/div>\n\n\n\n<div data-block-name=\"woocommerce\/cart-totals-block\" class=\"wp-block-woocommerce-cart-totals-block\">\n<div data-block-name=\"woocommerce\/cart-order-summary-block\" class=\"wp-block-woocommerce-cart-order-summary-block\">\n<div data-block-name=\"woocommerce\/cart-order-summary-heading-block\" class=\"wp-block-woocommerce-cart-order-summary-heading-block\"><\/div><div data-block-name=\"woocommerce\/cart-order-summary-coupon-form-block\" class=\"wp-block-woocommerce-cart-order-summary-coupon-form-block\"><\/div><div data-block-name=\"woocommerce\/cart-order-summary-totals-block\" class=\"wp-block-woocommerce-cart-order-summary-totals-block\">\n<div data-block-name=\"woocommerce\/cart-order-summary-subtotal-block\" class=\"wp-block-woocommerce-cart-order-summary-subtotal-block\"><\/div>\n<div data-block-name=\"woocommerce\/cart-order-summary-discount-block\" class=\"wp-block-woocommerce-cart-order-summary-discount-block\"><\/div>\n<div data-block-name=\"woocommerce\/cart-order-summary-fee-block\" class=\"wp-block-woocommerce-cart-order-summary-fee-block\"><\/div>\n<div data-block-name=\"woocommerce\/cart-order-summary-shipping-block\" class=\"wp-block-woocommerce-cart-order-summary-shipping-block\"><\/div>\n<div data-block-name=\"woocommerce\/cart-order-summary-taxes-block\" class=\"wp-block-woocommerce-cart-order-summary-taxes-block\"><\/div><\/div>\n<\/div>\n\n\n\n<div data-block-name=\"woocommerce\/cart-express-payment-block\" class=\"wp-block-woocommerce-cart-express-payment-block\"><\/div>\n\n\n\n<div data-block-name=\"woocommerce\/proceed-to-checkout-block\" class=\"wp-block-woocommerce-proceed-to-checkout-block\"><\/div>\n\n\n\n<div data-block-name=\"woocommerce\/cart-accepted-payment-methods-block\" class=\"wp-block-woocommerce-cart-accepted-payment-methods-block\"><\/div>\n<\/div>\n<\/div>\n\n\n\n<div data-block-name=\"woocommerce\/empty-cart-block\" class=\"wp-block-woocommerce-empty-cart-block\">\n<h2 class=\"wp-block-heading has-text-align-center with-empty-cart-icon wc-block-cart__empty-cart__title\">Your cart is currently empty!<\/h2>\n\n\n\n<hr class=\"wp-block-separator has-alpha-channel-opacity is-style-dots\"\/>\n\n\n\n<h2 class=\"wp-block-heading has-text-align-center\">New in store<\/h2>\n\n\n<div data-block-name=\"woocommerce\/product-new\" data-columns=\"4\" data-rows=\"1\" class=\"wc-block-grid wp-block-product-new wp-block-woocommerce-product-new wc-block-product-new has-4-columns\"><ul class=\"wc-block-grid__products\"><li class=\"wc-block-grid__product\">\n\t\t\t\t<a href=\"https:\/\/onggiosaoviet.vn\/en\/product\/cut-goc-vuong-90-ngoai-troi-co-luoi-chan-con-trung\/\" class=\"wc-block-grid__product-link\">\n\t\t\t\t\t\n\t\t\t\t\t<div class=\"wc-block-grid__product-image\"><img fetchpriority=\"high\" decoding=\"async\" width=\"300\" height=\"300\" src=\"https:\/\/onggiosaoviet.vn\/wp-content\/uploads\/2025\/08\/14-1-300x300.png\" class=\"attachment-woocommerce_thumbnail size-woocommerce_thumbnail\" alt=\"C\u00fat g\u00f3c vu\u00f4ng 90\u00b0 ngo\u00e0i tr\u1eddi\" srcset=\"https:\/\/onggiosaoviet.vn\/wp-content\/uploads\/2025\/08\/14-1-300x300.png 300w, https:\/\/onggiosaoviet.vn\/wp-content\/uploads\/2025\/08\/14-1-150x150.png 150w, https:\/\/onggiosaoviet.vn\/wp-content\/uploads\/2025\/08\/14-1-100x100.png 100w\" sizes=\"(max-width: 300px) 100vw, 300px\" \/><\/div>\n\t\t\t\t\t<div class=\"wc-block-grid__product-title\">90\u00b0 outdoor right angle elbow<\/div>\n\t\t\t\t<\/a>\n\t\t\t\t<div class=\"wc-block-grid__product-price price\"><\/div>\n\t\t\t\t\n\t\t\t\t<div class=\"wp-block-button wc-block-grid__product-add-to-cart\"><a href=\"https:\/\/onggiosaoviet.vn\/en\/product\/cut-goc-vuong-90-ngoai-troi-co-luoi-chan-con-trung\/\" aria-label=\"Read more about \u201cC\u00fat g\u00f3c vu\u00f4ng 90\u00b0 ngo\u00e0i tr\u1eddi\u201d\" data-quantity=\"1\" data-product_id=\"4485\" data-product_sku=\"\" data-price=\"0\" rel=\"nofollow\" class=\"wp-block-button__link  add_to_cart_button\" data-no-translation=\"\" data-trp-gettext=\"\" data-no-translation-aria-label=\"\">Read more<\/a><\/div>\n\t\t\t<\/li><li class=\"wc-block-grid__product\">\n\t\t\t\t<a href=\"https:\/\/onggiosaoviet.vn\/en\/product\/cut-goc-vuong-ong-gio\/\" class=\"wc-block-grid__product-link\">\n\t\t\t\t\t\n\t\t\t\t\t<div class=\"wc-block-grid__product-image\"><img decoding=\"async\" width=\"300\" height=\"300\" src=\"https:\/\/onggiosaoviet.vn\/wp-content\/uploads\/2025\/08\/10-1-300x300.png\" class=\"attachment-woocommerce_thumbnail size-woocommerce_thumbnail\" alt=\"C\u00fat g\u00f3c vu\u00f4ng \u1ed1ng gi\u00f3\" srcset=\"https:\/\/onggiosaoviet.vn\/wp-content\/uploads\/2025\/08\/10-1-300x300.png 300w, https:\/\/onggiosaoviet.vn\/wp-content\/uploads\/2025\/08\/10-1-150x150.png 150w, https:\/\/onggiosaoviet.vn\/wp-content\/uploads\/2025\/08\/10-1-100x100.png 100w\" sizes=\"(max-width: 300px) 100vw, 300px\" \/><\/div>\n\t\t\t\t\t<div class=\"wc-block-grid__product-title\">Right angle duct elbow<\/div>\n\t\t\t\t<\/a>\n\t\t\t\t<div class=\"wc-block-grid__product-price price\"><\/div>\n\t\t\t\t\n\t\t\t\t<div class=\"wp-block-button wc-block-grid__product-add-to-cart\"><a href=\"https:\/\/onggiosaoviet.vn\/en\/product\/cut-goc-vuong-ong-gio\/\" aria-label=\"Read more about \u201cC\u00fat g\u00f3c vu\u00f4ng \u1ed1ng gi\u00f3\u201d\" data-quantity=\"1\" data-product_id=\"4484\" data-product_sku=\"\" data-price=\"0\" rel=\"nofollow\" class=\"wp-block-button__link  add_to_cart_button\" data-no-translation=\"\" data-trp-gettext=\"\" data-no-translation-aria-label=\"\">Read more<\/a><\/div>\n\t\t\t<\/li><li class=\"wc-block-grid__product\">\n\t\t\t\t<a href=\"https:\/\/onggiosaoviet.vn\/en\/product\/ong-bu-ei30-ei46-boc-thach-cao-9-5mm\/\" class=\"wc-block-grid__product-link\">\n\t\t\t\t\t\n\t\t\t\t\t<div class=\"wc-block-grid__product-image\"><img decoding=\"async\" width=\"300\" height=\"300\" src=\"https:\/\/onggiosaoviet.vn\/wp-content\/uploads\/2025\/08\/9-1-300x300.png\" class=\"attachment-woocommerce_thumbnail size-woocommerce_thumbnail\" alt=\"\u1ed0ng b\u00f9 EI30 \u2013 EI46\" srcset=\"https:\/\/onggiosaoviet.vn\/wp-content\/uploads\/2025\/08\/9-1-300x300.png 300w, https:\/\/onggiosaoviet.vn\/wp-content\/uploads\/2025\/08\/9-1-150x150.png 150w, https:\/\/onggiosaoviet.vn\/wp-content\/uploads\/2025\/08\/9-1-100x100.png 100w\" sizes=\"(max-width: 300px) 100vw, 300px\" \/><\/div>\n\t\t\t\t\t<div class=\"wc-block-grid__product-title\">Compensator tube EI30 \u2013 EI46<\/div>\n\t\t\t\t<\/a>\n\t\t\t\t<div class=\"wc-block-grid__product-price price\"><\/div>\n\t\t\t\t\n\t\t\t\t<div class=\"wp-block-button wc-block-grid__product-add-to-cart\"><a href=\"https:\/\/onggiosaoviet.vn\/en\/product\/ong-bu-ei30-ei46-boc-thach-cao-9-5mm\/\" aria-label=\"Read more about \u201c\u1ed0ng b\u00f9 EI30 \u2013 EI46\u201d\" data-quantity=\"1\" data-product_id=\"4483\" data-product_sku=\"\" data-price=\"0\" rel=\"nofollow\" class=\"wp-block-button__link  add_to_cart_button\" data-no-translation=\"\" data-trp-gettext=\"\" data-no-translation-aria-label=\"\">Read more<\/a><\/div>\n\t\t\t<\/li><li class=\"wc-block-grid__product\">\n\t\t\t\t<a href=\"https:\/\/onggiosaoviet.vn\/en\/product\/ong-gio-vuong-chu-nhat\/\" class=\"wc-block-grid__product-link\">\n\t\t\t\t\t\n\t\t\t\t\t<div class=\"wc-block-grid__product-image\"><img loading=\"lazy\" decoding=\"async\" width=\"300\" height=\"300\" src=\"https:\/\/onggiosaoviet.vn\/wp-content\/uploads\/2025\/08\/7-1-300x300.png\" class=\"attachment-woocommerce_thumbnail size-woocommerce_thumbnail\" alt=\"\u1ed0ng gi\u00f3 vu\u00f4ng \/ ch\u1eef nh\u1eadt\" srcset=\"https:\/\/onggiosaoviet.vn\/wp-content\/uploads\/2025\/08\/7-1-300x300.png 300w, https:\/\/onggiosaoviet.vn\/wp-content\/uploads\/2025\/08\/7-1-150x150.png 150w, https:\/\/onggiosaoviet.vn\/wp-content\/uploads\/2025\/08\/7-1-100x100.png 100w\" sizes=\"(max-width: 300px) 100vw, 300px\" \/><\/div>\n\t\t\t\t\t<div class=\"wc-block-grid__product-title\">Square \/ rectangular duct<\/div>\n\t\t\t\t<\/a>\n\t\t\t\t<div class=\"wc-block-grid__product-price price\"><\/div>\n\t\t\t\t\n\t\t\t\t<div class=\"wp-block-button wc-block-grid__product-add-to-cart\"><a href=\"https:\/\/onggiosaoviet.vn\/en\/product\/ong-gio-vuong-chu-nhat\/\" aria-label=\"Read more about \u201c\u1ed0ng gi\u00f3 vu\u00f4ng \/ ch\u1eef nh\u1eadt\u201d\" data-quantity=\"1\" data-product_id=\"4482\" data-product_sku=\"\" data-price=\"0\" rel=\"nofollow\" class=\"wp-block-button__link  add_to_cart_button\" data-no-translation=\"\" data-trp-gettext=\"\" data-no-translation-aria-label=\"\">Read more<\/a><\/div>\n\t\t\t<\/li><\/ul><\/div><\/div>\n<\/div>","protected":false},"excerpt":{"rendered":"","protected":false},"author":1,"featured_media":0,"parent":0,"menu_order":0,"comment_status":"closed","ping_status":"closed","template":"","meta":{"footnotes":""},"class_list":["post-766","page","type-page","status-publish","hentry"],"_links":{"self":[{"href":"https:\/\/onggiosaoviet.vn\/en\/wp-json\/wp\/v2\/pages\/766","targetHints":{"allow":["GET"]}}],"collection":[{"href":"https:\/\/onggiosaoviet.vn\/en\/wp-json\/wp\/v2\/pages"}],"about":[{"href":"https:\/\/onggiosaoviet.vn\/en\/wp-json\/wp\/v2\/types\/page"}],"author":[{"embeddable":true,"href":"https:\/\/onggiosaoviet.vn\/en\/wp-json\/wp\/v2\/users\/1"}],"replies":[{"embeddable":true,"href":"https:\/\/onggiosaoviet.vn\/en\/wp-json\/wp\/v2\/comments?post=766"}],"version-history":[{"count":1,"href":"https:\/\/onggiosaoviet.vn\/en\/wp-json\/wp\/v2\/pages\/766\/revisions"}],"predecessor-version":[{"id":768,"href":"https:\/\/onggiosaoviet.vn\/en\/wp-json\/wp\/v2\/pages\/766\/revisions\/768"}],"wp:attachment":[{"href":"https:\/\/onggiosaoviet.vn\/en\/wp-json\/wp\/v2\/media?parent=766"}],"curies":[{"name":"wp","href":"https:\/\/api.w.org\/{rel}","templated":true}]}}