{"id":2258,"date":"2023-12-04T10:28:42","date_gmt":"2023-12-04T03:28:42","guid":{"rendered":"https:\/\/onggiosaoviet.vn\/?post_type=product&#038;p=2258"},"modified":"2026-05-07T16:56:46","modified_gmt":"2026-05-07T09:56:46","slug":"tray-35-holds-candy","status":"publish","type":"product","link":"https:\/\/onggiosaoviet.vn\/zh\/product\/tray-35-holds-candy\/","title":{"rendered":"90\u5ea6\u5706\u5f2f\u5934"},"content":{"rendered":"<ol>\n<li><strong> \u7528\u9014<\/strong><\/li>\n<\/ol>\n<ul>\n<li>\u6539\u53d8\u5706\u5f62\u98ce\u7ba1\u7684\u65b9\u5411 <strong>90\u00b0<\/strong> \u5728\u901a\u98ce\u3001\u7a7a\u8c03\u3001\u6d88\u9632\u6392\u70df\u7cfb\u7edf\u4e2d\u3002<\/li>\n<li>\u6709\u52a9\u4e8e\u7075\u6d3b\u5e03\u7f6e\u7cfb\u7edf\uff0c\u9002\u5408\u5efa\u7b51\u7a7a\u95f4\uff0c\u540c\u65f6\u4ecd\u786e\u4fdd\u7a7a\u6c14\u6d41\u901a\u3002<\/li>\n<li>\u91c7\u7528\u5706\u5f62\u8bbe\u8ba1\uff0c\u53ef\u6700\u5927\u9650\u5ea6\u5730\u51cf\u5c11\u6539\u53d8\u65b9\u5411\u65f6\u7684\u538b\u529b\u635f\u5931\uff0c\u5e76\u53ef\u8fdb\u884c\u8865\u5145 <strong>\u5bfc\u6d41\u53f6\u7247<\/strong> \u91cc\u9762\u3002<\/li>\n<\/ul>\n<ol start=\"2\">\n<li><strong> \u6750\u6599<\/strong><\/li>\n<\/ol>\n<ul>\n<li><strong>\u9540\u950c\u94a2 Z080<\/strong> \uff08Hoa Sen \/ Hoa Phat\uff09\u6807\u51c6\uff0c\u9632\u8150\u8680\u3002<\/li>\n<li>\u6750\u6599\u539a\u5ea6\uff1a <strong>0.48\u6beb\u7c73 \u2013 1.0\u6beb\u7c73<\/strong> \u53d6\u51b3\u4e8e\u76f4\u5f84\u548c\u98ce\u538b\u3002<\/li>\n<li>\u9009\u9879\uff1a <strong>\u4e0d\u9508\u94a2 304\/201<\/strong> \u6216\u7528\u4e8e\u7279\u6b8a\u73af\u5883\uff08\u6f6e\u6e7f\u3001\u9ad8\u8150\u8680\u6027\uff09\u7684\u7c89\u672b\u6d82\u5c42\u94a2\u3002<\/li>\n<\/ul>\n<ol start=\"3\">\n<li><strong> \u89c4\u683c - \u5c3a\u5bf8<\/strong><\/li>\n<\/ol>\n<ul>\n<li>\u76f4\u5f84\uff08\u00d8\uff09\uff1a100 \u2013 1250 \u6beb\u7c73\u3002<\/li>\n<li>\u8098\u90e8\u89d2\u5ea6\uff1a <strong>90\u00b0<\/strong> \uff08\u53ef\u6839\u636e\u8981\u6c42\u52a0\u5de5\u6210 45\u00b0\u300160\u00b0\uff09\u3002<\/li>\n<li>\u5f2f\u66f2\u534a\u5f84 (R)\uff1a\u4e3a\u4e86\u5b9e\u73b0\u6700\u4f73\u6d41\u52a8\uff0cR = 1.0D \u81f3 1.5D\u3002<\/li>\n<li>\u8fde\u63a5\u5668\uff1a <strong>\u6bcd\u7aef<\/strong> \u6216\u8005 <strong>\u516c\u7aef<\/strong>\uff0c\u5e26\u6709\u52a0\u5f3a\u7b4b\u3002<\/li>\n<\/ul>\n<ol start=\"4\">\n<li><strong> \u5904\u7406\u65b9\u6cd5<\/strong><\/li>\n<\/ol>\n<ul>\n<li>\u91c7\u7528\u6298\u5f2f\u673a\u52a0\u5de5\uff0c\u73af\u7f1d\u710a\u63a5\uff0c\u786e\u4fdd\u6c14\u5bc6\u6027\u3002<\/li>\n<li>\u5f2f\u66f2\u90e8\u5206\u7531\u591a\u4e2a\u7ba1\u6bb5\u7ec4\u88c5\u800c\u6210\uff0c\u4ee5\u5b9e\u73b0\u9ad8\u7cbe\u5ea6\u548c\u5706\u5ea6\u3002<\/li>\n<li>\u63a5\u7f1d\u5904\u7528\u5bc6\u5c01\u80f6\u6216\u9632\u6f0f\u80f6\u5e26\u5904\u7406\u3002<\/li>\n<\/ul>\n<ol start=\"5\">\n<li><strong> \u5e94\u7528<\/strong><\/li>\n<\/ol>\n<ul>\n<li>\u7cfb\u7edf <strong>\u6696\u901a\u7a7a\u8c03\u7cfb\u7edf<\/strong>\uff1a\u51b7\u9001\u98ce\u3001\u65b0\u98ce\u3001\u56de\u98ce\u3002<\/li>\n<li>\u7cfb\u7edf <strong>\u6392\u70df \u2013 \u9632\u706b<\/strong> \u5728\u5de5\u5382\u3001\u9ad8\u5c42\u5efa\u7b51\u4e2d\u3002<\/li>\n<li>\u5730\u4e0b\u5ba4\u3001\u8f66\u5e93\u3001\u5de5\u4e1a\u533a\u7684\u901a\u98ce\u7cfb\u7edf\u3002<\/li>\n<\/ul>\n<ol start=\"6\">\n<li><strong> \u4f18\u52bf<\/strong><\/li>\n<\/ol>\n<ul>\n<li><strong>\u7d27\u5bc6\u3001\u7262\u56fa<\/strong>\u3001\u9632\u6f0f\u3002<\/li>\n<li><strong>\u4f18\u5316\u7a7a\u6c14\u6d41\u52a8<\/strong> \u91c7\u7528\u5408\u7406\u7684\u5f2f\u66f2\u534a\u5f84\uff0c\u51cf\u5c11\u538b\u529b\u635f\u5931\u3002<\/li>\n<li><strong>\u6613\u4e8e\u5b89\u88c5<\/strong> \u5177\u6709\u7075\u6d3b\u7684\u8fde\u63a5\u5668\u7c7b\u578b\u3002<\/li>\n<li><strong>\u5b9a\u5236\u52a0\u5de5<\/strong> \u5c3a\u5bf8\u3001\u5f2f\u5934\u89d2\u5ea6\u3001\u5f2f\u66f2\u534a\u5f84\u3002<\/li>\n<\/ul>","protected":false},"excerpt":{"rendered":"<p>C\u00f4ng d\u1ee5ng Thay \u0111\u1ed5i h\u01b0\u1edbng tuy\u1ebfn \u1ed1ng gi\u00f3 tr\u00f2n 90\u00b0 trong h\u1ec7 th\u1ed1ng th\u00f4ng gi\u00f3, \u0111i\u1ec1u h\u00f2a kh\u00f4ng kh\u00ed, h\u00fat kh\u00f3i PCCC. Gi\u00fap b\u1ed1 tr\u00ed h\u1ec7 th\u1ed1ng linh ho\u1ea1t, ph\u00f9 h\u1ee3p kh\u00f4ng gian c\u00f4ng tr\u00ecnh m\u00e0 v\u1eabn \u0111\u1ea3m b\u1ea3o l\u01b0u l\u01b0\u1ee3ng gi\u00f3. Gi\u1ea3m t\u1ed1i \u0111a t\u1ed5n th\u1ea5t \u00e1p su\u1ea5t khi \u0111\u1ed5i h\u01b0\u1edbng nh\u1edd thi\u1ebft k\u1ebf [&hellip;]<\/p>","protected":false},"featured_media":4769,"comment_status":"open","ping_status":"closed","template":"","meta":[],"product_brand":[],"product_cat":[23],"product_tag":[],"class_list":{"0":"post-2258","1":"product","2":"type-product","3":"status-publish","4":"has-post-thumbnail","6":"product_cat-ong-gio-vuong","8":"first","9":"instock","10":"taxable","11":"shipping-taxable","12":"product-type-simple"},"_links":{"self":[{"href":"https:\/\/onggiosaoviet.vn\/zh\/wp-json\/wp\/v2\/product\/2258","targetHints":{"allow":["GET"]}}],"collection":[{"href":"https:\/\/onggiosaoviet.vn\/zh\/wp-json\/wp\/v2\/product"}],"about":[{"href":"https:\/\/onggiosaoviet.vn\/zh\/wp-json\/wp\/v2\/types\/product"}],"replies":[{"embeddable":true,"href":"https:\/\/onggiosaoviet.vn\/zh\/wp-json\/wp\/v2\/comments?post=2258"}],"version-history":[{"count":5,"href":"https:\/\/onggiosaoviet.vn\/zh\/wp-json\/wp\/v2\/product\/2258\/revisions"}],"predecessor-version":[{"id":4494,"href":"https:\/\/onggiosaoviet.vn\/zh\/wp-json\/wp\/v2\/product\/2258\/revisions\/4494"}],"wp:featuredmedia":[{"embeddable":true,"href":"https:\/\/onggiosaoviet.vn\/zh\/wp-json\/wp\/v2\/media\/4769"}],"wp:attachment":[{"href":"https:\/\/onggiosaoviet.vn\/zh\/wp-json\/wp\/v2\/media?parent=2258"}],"wp:term":[{"taxonomy":"product_brand","embeddable":true,"href":"https:\/\/onggiosaoviet.vn\/zh\/wp-json\/wp\/v2\/product_brand?post=2258"},{"taxonomy":"product_cat","embeddable":true,"href":"https:\/\/onggiosaoviet.vn\/zh\/wp-json\/wp\/v2\/product_cat?post=2258"},{"taxonomy":"product_tag","embeddable":true,"href":"https:\/\/onggiosaoviet.vn\/zh\/wp-json\/wp\/v2\/product_tag?post=2258"}],"curies":[{"name":"wp","href":"https:\/\/api.w.org\/{rel}","templated":true}]}}