{"id":4475,"date":"2025-08-16T10:52:49","date_gmt":"2025-08-16T03:52:49","guid":{"rendered":"https:\/\/onggiosaoviet.vn\/?post_type=product&#038;p=4475"},"modified":"2026-04-21T17:09:26","modified_gmt":"2026-04-21T10:09:26","slug":"ong-gio-tron-nhanh-chia-dau-om","status":"publish","type":"product","link":"https:\/\/onggiosaoviet.vn\/zh\/product\/ong-gio-tron-nhanh-chia-dau-om\/","title":{"rendered":"\u5706\u5f62\u7ba1\u9053\u5206\u652f"},"content":{"rendered":"<ol>\n<li><strong> \u7528\u9014<\/strong><\/li>\n<\/ol>\n<ul>\n<li>\u7528\u4e8e\u901a\u98ce\u3001\u7a7a\u8c03\u6216\u6d88\u9632\u6392\u70df\u7cfb\u7edf\u4e2d\u5206\u652f\u5706\u5f62\u98ce\u7ba1\u3002<\/li>\n<li>\u8bbe\u8ba1 <strong>\u6bcd\u7aef<\/strong> \u5e2e\u52a9\uff1a\n<ul>\n<li>\u5b89\u88c5\u5feb\u6377\uff0c\u65e0\u9700\u989d\u5916\u7684\u5916\u5708\u3002<\/li>\n<li>\u5bc6\u5c01\u66f4\u7d27\u5bc6\uff0c\u51cf\u5c11\u7a7a\u6c14\u6cc4\u6f0f\u3002<\/li>\n<li>\u5f53\u9700\u8981\u66f4\u6539\u7cfb\u7edf\u65f6\uff0c\u6613\u4e8e\u7ef4\u62a4\u548c\u62c6\u5378\u3002<\/li>\n<\/ul>\n<\/li>\n<\/ul>\n<ol start=\"2\">\n<li><strong> \u6750\u6599<\/strong><\/li>\n<\/ol>\n<ul>\n<li><strong>\u9540\u950c\u94a2 Z080<\/strong> \uff08Hoa Sen \/ Hoa Phat\uff09\u6807\u51c6\u3002<\/li>\n<li>\u539a\u5ea6\uff1a <strong>0.58\u6beb\u7c73 \u2013 1.15\u6beb\u7c73<\/strong> \u53d6\u51b3\u4e8e\u7ba1\u9053\u5c3a\u5bf8\u548c\u98ce\u538b\u8981\u6c42\u3002<\/li>\n<li>\u53ef\u52a0\u5de5 <strong>\u4e0d\u9508\u94a2 304\/201<\/strong> \u6839\u636e\u7279\u6b8a\u8981\u6c42\uff08\u6f6e\u6e7f\u3001\u8150\u8680\u73af\u5883\uff09\u3002<\/li>\n<\/ul>\n<ol start=\"3\">\n<li><strong> \u89c4\u683c - \u5c3a\u5bf8<\/strong><\/li>\n<\/ol>\n<ul>\n<li>\u4e3b\u7ba1\u9053\uff1a\u00d8150 \u2013 \u00d81000mm\u3002<\/li>\n<li>\u652f\u7ba1\u76f4\u5f84\uff1a\u6309\u8bbe\u8ba1\u8981\u6c42\u3002<\/li>\n<li>\u5206\u652f\u89d2\u5ea6\uff1a <strong>30\u00b0\u300145\u00b0\u300160\u00b0\u300190\u00b0<\/strong> \u53d6\u51b3\u4e8e\u5b89\u88c5\u4f4d\u7f6e\u3002<\/li>\n<li>\u6807\u51c6\u52a0\u5de5\u63a5\u5934\u5934\uff0c\u5185\u5f84\u4e0e\u4e3b\u7ba1\u5916\u5f84\u76f8\u5339\u914d\u3002<\/li>\n<\/ul>\n<ol start=\"4\">\n<li><strong> \u5904\u7406\u65b9\u6cd5<\/strong><\/li>\n<\/ol>\n<ul>\n<li>\u5f2f\u66f2\u3001\u710a\u63a5\u6216\u5377\u5706\u8fb9\u7f18\u53ef\u786e\u4fdd\u6c14\u5bc6\u6027\u3002<\/li>\n<li>\u710a\u63a5\u6216\u94c6\u63a5\u63a5\u5934\uff0c\u53ef\u7528\u9632\u6f0f\u6c14\u80f6\u5bc6\u5c01\u3002<\/li>\n<li>\u62b1\u7b8d\u7684\u672b\u7aef\u5448\u5706\u5f62\uff0c\u4ee5\u907f\u514d\u6495\u88c2\u7edd\u7f18\u6750\u6599\u3002<\/li>\n<\/ul>\n<ol start=\"5\">\n<li><strong> \u5e94\u7528<\/strong><\/li>\n<\/ol>\n<ul>\n<li>\u7cfb\u7edf <strong>\u6696\u901a\u7a7a\u8c03\u7cfb\u7edf<\/strong> \uff08\u51b7\u98ce\u9001\u98ce\u3001\u65b0\u98ce\u9001\u98ce\u3001\u6392\u98ce\uff09\u3002<\/li>\n<li>\u7cfb\u7edf <strong>\u6392\u70df \u2013 \u9632\u706b<\/strong>.<\/li>\n<li>\u5de5\u4e1a\u5de5\u5382\u3001\u5546\u4e1a\u4e2d\u5fc3\u3001\u9ad8\u5c42\u5efa\u7b51\u3002<\/li>\n<\/ul>\n<ol start=\"6\">\n<li><strong> \u4f18\u52bf<\/strong><\/li>\n<\/ol>\n<ul>\n<li><strong>\u5feb\u901f\u5b89\u88c5<\/strong>\uff1a\u65e0\u9700\u989d\u5916\u7684\u8fde\u63a5\u73af\u3002<\/li>\n<li><strong>\u9ad8\u6c14\u5bc6\u6027<\/strong>\uff1a\u51cf\u5c11\u6c14\u6d41\u635f\u5931\u3002<\/li>\n<li><strong>\u7f8e\u5b66<\/strong>\uff1a\u9540\u950c\u8868\u9762\u5149\u4eae\u3001\u5e73\u6574\u3002<\/li>\n<li><strong>\u9ad8\u8010\u7528\u6027<\/strong>\uff1a\u9632\u8150\u8680\uff0c\u627f\u8f7d\u80fd\u529b\u597d\u3002<\/li>\n<\/ul>","protected":false},"excerpt":{"rendered":"<p>C\u00f4ng d\u1ee5ng D\u00f9ng \u0111\u1ec3 chia nh\u00e1nh \u0111\u01b0\u1eddng \u1ed1ng gi\u00f3 tr\u00f2n trong h\u1ec7 th\u1ed1ng th\u00f4ng gi\u00f3, \u0111i\u1ec1u h\u00f2a kh\u00f4ng kh\u00ed ho\u1eb7c h\u00fat kh\u00f3i PCCC. Thi\u1ebft k\u1ebf \u0111\u1ea7u \u00f4m (female end) gi\u00fap: L\u1eafp \u0111\u1eb7t nhanh ch\u00f3ng, kh\u00f4ng c\u1ea7n th\u00eam v\u00f2ng n\u1ed1i ngo\u00e0i. K\u00edn kh\u00edt h\u01a1n, gi\u1ea3m r\u00f2 r\u1ec9 kh\u00ed. D\u1ec5 b\u1ea3o tr\u00ec, th\u00e1o l\u1eafp khi c\u1ea7n thay [&hellip;]<\/p>","protected":false},"featured_media":4749,"comment_status":"open","ping_status":"closed","template":"","meta":[],"product_brand":[],"product_cat":[21],"product_tag":[],"class_list":{"0":"post-4475","1":"product","2":"type-product","3":"status-publish","4":"has-post-thumbnail","6":"product_cat-ong-gio-tron","8":"first","9":"instock","10":"taxable","11":"shipping-taxable","12":"product-type-simple"},"_links":{"self":[{"href":"https:\/\/onggiosaoviet.vn\/zh\/wp-json\/wp\/v2\/product\/4475","targetHints":{"allow":["GET"]}}],"collection":[{"href":"https:\/\/onggiosaoviet.vn\/zh\/wp-json\/wp\/v2\/product"}],"about":[{"href":"https:\/\/onggiosaoviet.vn\/zh\/wp-json\/wp\/v2\/types\/product"}],"replies":[{"embeddable":true,"href":"https:\/\/onggiosaoviet.vn\/zh\/wp-json\/wp\/v2\/comments?post=4475"}],"version-history":[{"count":4,"href":"https:\/\/onggiosaoviet.vn\/zh\/wp-json\/wp\/v2\/product\/4475\/revisions"}],"predecessor-version":[{"id":4876,"href":"https:\/\/onggiosaoviet.vn\/zh\/wp-json\/wp\/v2\/product\/4475\/revisions\/4876"}],"wp:featuredmedia":[{"embeddable":true,"href":"https:\/\/onggiosaoviet.vn\/zh\/wp-json\/wp\/v2\/media\/4749"}],"wp:attachment":[{"href":"https:\/\/onggiosaoviet.vn\/zh\/wp-json\/wp\/v2\/media?parent=4475"}],"wp:term":[{"taxonomy":"product_brand","embeddable":true,"href":"https:\/\/onggiosaoviet.vn\/zh\/wp-json\/wp\/v2\/product_brand?post=4475"},{"taxonomy":"product_cat","embeddable":true,"href":"https:\/\/onggiosaoviet.vn\/zh\/wp-json\/wp\/v2\/product_cat?post=4475"},{"taxonomy":"product_tag","embeddable":true,"href":"https:\/\/onggiosaoviet.vn\/zh\/wp-json\/wp\/v2\/product_tag?post=4475"}],"curies":[{"name":"wp","href":"https:\/\/api.w.org\/{rel}","templated":true}]}}