{"id":4479,"date":"2025-08-16T10:54:26","date_gmt":"2025-08-16T03:54:26","guid":{"rendered":"https:\/\/onggiosaoviet.vn\/?post_type=product&#038;p=4479"},"modified":"2026-05-11T07:52:13","modified_gmt":"2026-05-11T00:52:13","slug":"con-thu-ong-gio-tron","status":"publish","type":"product","link":"https:\/\/onggiosaoviet.vn\/zh\/product\/con-thu-ong-gio-tron\/","title":{"rendered":"\u5706\u5f62\u98ce\u7ba1\u51cf\u901f\u5668"},"content":{"rendered":"<ol>\n<li><strong> \u7528\u9014<\/strong><\/li>\n<\/ol>\n<ul>\n<li>\u7528\u4e8e <strong>\u5706\u5f62\u7ba1\u9053\u76f4\u5f84\u8f6c\u6362\u5668<\/strong> \u901a\u98ce\u3001\u7a7a\u8c03\u548c\u6d88\u9632\u7cfb\u7edf\u4ece\u5927\u5230\u5c0f\uff08\u6216\u53cd\u4e4b\u4ea6\u7136\uff09\u3002<\/li>\n<li>\u5e2e\u52a9\u8c03\u6574 <strong>\u6c14\u6d41\u548c\u98ce\u901f<\/strong> \u9002\u7528\u4e8e\u6bcf\u4e2a\u7ba1\u6bb5\u3002<\/li>\n<li>\u4e0d\u540c\u5c3a\u5bf8\u7684\u7ba1\u9053\u90e8\u5206\u6216\u8bbe\u5907\uff08\u98ce\u6247\u3001\u98ce\u9600\u3001\u7f69\u7b49\uff09\u4e4b\u95f4\u7684\u8fde\u63a5\u3002<\/li>\n<\/ul>\n<ol start=\"2\">\n<li><strong> \u6750\u6599<\/strong><\/li>\n<\/ol>\n<ul>\n<li><strong>\u9540\u950c\u94a2 Z080<\/strong> \uff08Hoa Sen \/ Hoa Phat\uff09\u2014\u2014\u9540\u950c\u9632\u8150\u6807\u51c6\u3002<\/li>\n<li>\u6750\u6599\u539a\u5ea6\uff1a <strong>0.58\u6beb\u7c73 \u2013 1.15\u6beb\u7c73<\/strong> \u53d6\u51b3\u4e8e\u76f4\u5f84\u548c\u538b\u529b\u8981\u6c42\u3002<\/li>\n<li>\u53ef\u52a0\u5de5 <strong>\u4e0d\u9508\u94a2 304\/201<\/strong> \u9002\u7528\u4e8e\u6f6e\u6e7f\u73af\u5883\u6216\u9ad8\u536b\u751f\u8981\u6c42\uff08\u6d01\u51c0\u5ba4\u3001\u98df\u54c1\uff09\u3002<\/li>\n<\/ul>\n<ol start=\"3\">\n<li><strong> \u89c4\u683c - \u5c3a\u5bf8<\/strong><\/li>\n<\/ol>\n<ul>\n<li><strong>\u5927\u76f4\u5f84\uff08D1\uff09\uff1a<\/strong> \u00d8150 \u2013 \u00d81250 \u6beb\u7c73\u3002<\/li>\n<li><strong>\u5c0f\u76f4\u5f84\uff08D2\uff09\uff1a<\/strong> \u6839\u636e\u8bbe\u8ba1\u8981\u6c42\uff0c\u5c0f\u4e8eD1\u3002<\/li>\n<li><strong>\u9525\u4f53\u957f\u5ea6\uff08L\uff09\uff1a<\/strong> \u6839\u636e\u8bbe\u8ba1\uff0c\u786e\u4fdd\u5e73\u7a33\u8fc7\u6e21\uff0c\u9650\u5236\u98ce\u538b\u635f\u5931\u3002<\/li>\n<li><strong>\u9525\u89d2\uff1a<\/strong> \u8ba1\u7b97\u4ee5\u5c3d\u91cf\u51cf\u5c11\u6c14\u6d41\u6e4d\u6d41\uff0c\u901a\u5e38\u4e3a 15\u00b0\u201330\u00b0\u3002<\/li>\n<\/ul>\n<ol start=\"4\">\n<li><strong> \u5904\u7406\u65b9\u6cd5<\/strong><\/li>\n<\/ol>\n<ul>\n<li><strong>\u8f67\u5236\u3001\u5377\u5706\u548c\u710a\u63a5\u6280\u672f<\/strong> \u6216\u63a5\u7f1d\u5bc6\u5c01\u4ee5\u786e\u4fdd\u6c14\u5bc6\u6027\u3002<\/li>\n<li><strong>\u8fde\u63a5\u5668<\/strong>\uff1a\u53ef\u4ee5\u505a <strong>\u5934\u90e8\u62e5\u62b1<\/strong> \u6216\u8005 <strong>\u5957\u886b<\/strong> \u9002\u5408\u5b89\u88c5\u7c7b\u578b\u3002<\/li>\n<li>\u63a5\u5934\u7ecf\u8fc7\u5904\u7406\u4ee5\u9632\u6b62\u6f0f\u6c14\uff08\u4f7f\u7528\u4e13\u7528\u80f6\u6c34\u6216\u5bc6\u5c01\u80f6\u5e26\uff09\u3002<\/li>\n<\/ul>\n<ol start=\"5\">\n<li><strong> \u5e94\u7528<\/strong><\/li>\n<\/ol>\n<ul>\n<li>\u7cfb\u7edf <strong>\u6696\u901a\u7a7a\u8c03\u7cfb\u7edf<\/strong> \uff08\u51b7\u98ce\u9001\u98ce\u3001\u65b0\u98ce\u9001\u98ce\u3001\u6392\u98ce\uff09\u3002<\/li>\n<li>\u7cfb\u7edf <strong>\u6392\u70df \u2013 \u9632\u706b<\/strong>.<\/li>\n<li>\u5546\u4e1a\u533a\u3001\u529e\u516c\u697c\u3001\u5de5\u4e1a\u5382\u623f\u3002<\/li>\n<\/ul>\n<ol start=\"6\">\n<li><strong> \u4f18\u52bf<\/strong><\/li>\n<\/ol>\n<ul>\n<li><strong>\u5e73\u6ed1\u8c03\u6574\u5927\u5c0f<\/strong>\uff0c\u51cf\u5c11\u98ce\u538b\u635f\u5931\u3002<\/li>\n<li><strong>\u6613\u4e8e\u5b89\u88c5<\/strong>\uff0c\u517c\u5bb9\u591a\u79cd\u914d\u4ef6\u548c\u8bbe\u5907\u3002<\/li>\n<li><strong>\u9ad8\u8010\u7528\u6027<\/strong> \u8fd9\u8981\u5f52\u529f\u4e8e\u9540\u950c\/\u4e0d\u9508\u94a2\u6750\u6599\u3002<\/li>\n<li><strong>\u5b9a\u5236\u52a0\u5de5<\/strong> \u9002\u5408\u6bcf\u4e2a\u9879\u76ee\u3002<\/li>\n<\/ul>","protected":false},"excerpt":{"rendered":"<p>C\u00f4ng d\u1ee5ng D\u00f9ng \u0111\u1ec3 chuy\u1ec3n \u0111\u1ed5i \u0111\u01b0\u1eddng k\u00ednh \u1ed1ng gi\u00f3 tr\u00f2n t\u1eeb l\u1edbn sang nh\u1ecf (ho\u1eb7c ng\u01b0\u1ee3c l\u1ea1i) trong h\u1ec7 th\u1ed1ng th\u00f4ng gi\u00f3, \u0111i\u1ec1u h\u00f2a kh\u00f4ng kh\u00ed, h\u00fat kh\u00f3i PCCC. Gi\u00fap \u0111i\u1ec1u ch\u1ec9nh l\u01b0u l\u01b0\u1ee3ng gi\u00f3 v\u00e0 t\u1ed1c \u0111\u1ed9 gi\u00f3 ph\u00f9 h\u1ee3p v\u1edbi t\u1eebng \u0111o\u1ea1n \u1ed1ng. K\u1ebft n\u1ed1i gi\u1eefa c\u00e1c \u0111o\u1ea1n \u1ed1ng gi\u00f3 ho\u1eb7c thi\u1ebft [&hellip;]<\/p>","protected":false},"featured_media":4750,"comment_status":"open","ping_status":"closed","template":"","meta":[],"product_brand":[],"product_cat":[18,22],"product_tag":[],"class_list":{"0":"post-4479","1":"product","2":"type-product","3":"status-publish","4":"has-post-thumbnail","6":"product_cat-all","7":"product_cat-con-ong","9":"first","10":"instock","11":"taxable","12":"shipping-taxable","13":"product-type-simple"},"_links":{"self":[{"href":"https:\/\/onggiosaoviet.vn\/zh\/wp-json\/wp\/v2\/product\/4479","targetHints":{"allow":["GET"]}}],"collection":[{"href":"https:\/\/onggiosaoviet.vn\/zh\/wp-json\/wp\/v2\/product"}],"about":[{"href":"https:\/\/onggiosaoviet.vn\/zh\/wp-json\/wp\/v2\/types\/product"}],"replies":[{"embeddable":true,"href":"https:\/\/onggiosaoviet.vn\/zh\/wp-json\/wp\/v2\/comments?post=4479"}],"version-history":[{"count":1,"href":"https:\/\/onggiosaoviet.vn\/zh\/wp-json\/wp\/v2\/product\/4479\/revisions"}],"predecessor-version":[{"id":4489,"href":"https:\/\/onggiosaoviet.vn\/zh\/wp-json\/wp\/v2\/product\/4479\/revisions\/4489"}],"wp:featuredmedia":[{"embeddable":true,"href":"https:\/\/onggiosaoviet.vn\/zh\/wp-json\/wp\/v2\/media\/4750"}],"wp:attachment":[{"href":"https:\/\/onggiosaoviet.vn\/zh\/wp-json\/wp\/v2\/media?parent=4479"}],"wp:term":[{"taxonomy":"product_brand","embeddable":true,"href":"https:\/\/onggiosaoviet.vn\/zh\/wp-json\/wp\/v2\/product_brand?post=4479"},{"taxonomy":"product_cat","embeddable":true,"href":"https:\/\/onggiosaoviet.vn\/zh\/wp-json\/wp\/v2\/product_cat?post=4479"},{"taxonomy":"product_tag","embeddable":true,"href":"https:\/\/onggiosaoviet.vn\/zh\/wp-json\/wp\/v2\/product_tag?post=4479"}],"curies":[{"name":"wp","href":"https:\/\/api.w.org\/{rel}","templated":true}]}}