{"id":4480,"date":"2025-08-16T10:56:05","date_gmt":"2025-08-16T03:56:05","guid":{"rendered":"https:\/\/onggiosaoviet.vn\/?post_type=product&#038;p=4480"},"modified":"2026-05-04T23:00:39","modified_gmt":"2026-05-04T16:00:39","slug":"nhanh-chia-ong-gio-vuong-chu-t","status":"publish","type":"product","link":"https:\/\/onggiosaoviet.vn\/zh\/product\/nhanh-chia-ong-gio-vuong-chu-t\/","title":{"rendered":"T\u578b\u7ba1\u9053\u5206\u652f"},"content":{"rendered":"<ol>\n<li><strong> \u7528\u9014<\/strong><\/li>\n<\/ol>\n<ul>\n<li>\u7528\u4e8e\u5c06\u6c14\u6d41\u4ece\u4e00\u4e2a <strong>\u4e3b\u65b9\u5f62\/\u77e9\u5f62\u7ba1\u9053<\/strong> \u5899 <strong>\u4e24\u4e2a\u65b9\u5f62\/\u77e9\u5f62\u5206\u652f<\/strong>.<\/li>\n<li>\u5e94\u7528 <strong>\u6696\u901a\u7a7a\u8c03\u7cfb\u7edf<\/strong> \u548c <strong>\u6d88\u9632\u6392\u70df<\/strong>.<\/li>\n<li>\u786e\u4fdd\u6d41\u91cf\u5206\u5e03\u5747\u5300\u6216\u7b26\u5408\u8bbe\u8ba1\u8981\u6c42\u3002<\/li>\n<\/ul>\n<ol start=\"2\">\n<li><strong> \u6750\u6599<\/strong><\/li>\n<\/ol>\n<ul>\n<li><strong>\u9540\u950c\u94a2 Z080<\/strong> \uff08Hoa Sen\/Hoa Phat\uff09\u3001\u9632\u9508\u3001\u9632\u8150\u8680\u3002<\/li>\n<li>\u539a\u5ea6\uff1a <strong>0.58\u6beb\u7c73 \u2013 1.15\u6beb\u7c73<\/strong> \u53d6\u51b3\u4e8e\u7ba1\u9053\u5c3a\u5bf8\u548c\u98ce\u538b\u3002<\/li>\n<li>\u53ef\u52a0\u5de5 <strong>\u4e0d\u9508\u94a2 304\/201<\/strong> \u9002\u7528\u4e8e\u8150\u8680\u6027\u73af\u5883\u6216\u9ad8\u536b\u751f\u8981\u6c42\uff08\u6d01\u51c0\u5ba4\u3001\u98df\u54c1\uff09\u3002<\/li>\n<\/ul>\n<ol start=\"3\">\n<li><strong> \u89c4\u683c - \u5c3a\u5bf8<\/strong><\/li>\n<\/ol>\n<ul>\n<li><strong>\u622a\u9762\u5c3a\u5bf8\uff08\u5bbdx\u9ad8\uff09\uff1a<\/strong> 150\u00d7150mm\u81f31200\u00d7600mm\uff08\u6216\u6839\u636e\u56fe\u7eb8\uff09\u3002<\/li>\n<li><strong>\u4f53\u957f\uff1a<\/strong> \u6839\u636e\u8bbe\u8ba1\u8981\u6c42\u6216SMACNA\/DWG\u6807\u51c6\u3002<\/li>\n<li><strong>\u5206\u652f\u89d2\u5ea6\uff1a<\/strong> \u901a\u5e38\u4e3a90\u00b0\uff0c\u53ef\u8c03\u81f345\u00b0\u621660\u00b0\u4ee5\u51cf\u5c11\u538b\u529b\u635f\u5931\u3002<\/li>\n<\/ul>\n<ol start=\"4\">\n<li><strong> \u5904\u7406\u65b9\u6cd5<\/strong><\/li>\n<\/ol>\n<ul>\n<li>\u52a0\u5de5\u65b9\u5f0f <strong>TDC\/TDF \u6cd5\u5170\u538b\u673a\u548c\u6cd5\u5170\u8fde\u63a5\u673a<\/strong> \u6216\u89d2\u63a5\u5934\u3002<\/li>\n<li>\u8fde\u63a5\u662f <strong>\u94c6\u9489+\u94dd\u5e26<\/strong> \u6216\u8005 <strong>\u4e13\u7528\u9632\u6f0f\u6c14\u80f6<\/strong>.<\/li>\n<li>\u7ba1\u9053\u8fb9\u7f18\u4e3a\u5706\u5f62\u6216\u914d\u6709\u6807\u51c6\u6cd5\u5170\uff0c\u4ee5\u4fbf\u4e8e\u5b89\u88c5\u3002<\/li>\n<\/ul>\n<ol start=\"5\">\n<li><strong> \u5e94\u7528<\/strong><\/li>\n<\/ol>\n<ul>\n<li>\u7cfb\u7edf <strong>\u51b7\u98ce\u9001\u98ce\u3001\u65b0\u98ce\u9001\u98ce\u3001\u6392\u98ce<\/strong> \u5728\u9ad8\u5c42\u5efa\u7b51\u3001\u5546\u573a\u3002<\/li>\n<li>\u7cfb\u7edf <strong>\u6392\u6c14\u2014\u2014\u52a0\u538b\u7a7a\u6c14\u4f9b\u5e94<\/strong> \u5728\u9632\u706b\u65b9\u9762<\/li>\n<li>\u5de5\u4e1a\u5de5\u5382\u901a\u98ce\u7cfb\u7edf\u3002<\/li>\n<\/ul>\n<ol start=\"6\">\n<li><strong> \u4f18\u52bf<\/strong><\/li>\n<\/ol>\n<ul>\n<li><strong>\u9ad8\u6548\u7684\u98ce\u529b\u5206\u652f<\/strong>\uff0c\u51cf\u5c11\u538b\u529b\u635f\u5931\u3002<\/li>\n<li><strong>\u7cbe\u5bc6\u52a0\u5de5<\/strong>\uff0c\u5bc6\u5c01\u6027\u9ad8\uff0c\u5b89\u88c5\u65b9\u4fbf\u3002<\/li>\n<li><strong>\u4eae\u4e3d\u9540\u950c\u8868\u9762<\/strong>\u3001\u7f8e\u89c2\u3001\u8010\u7528\u3002<\/li>\n<li><strong>\u81ea\u5b9a\u4e49\u5206\u5272\u5c3a\u5bf8\u548c\u89d2\u5ea6<\/strong> \u6839\u636e\u8bbe\u8ba1\u8981\u6c42<\/li>\n<\/ul>","protected":false},"excerpt":{"rendered":"<p>C\u00f4ng d\u1ee5ng D\u00f9ng \u0111\u1ec3 chia d\u00f2ng kh\u00ed t\u1eeb m\u1ed9t \u1ed1ng gi\u00f3 vu\u00f4ng\/ch\u1eef nh\u1eadt ch\u00ednh th\u00e0nh hai nh\u00e1nh vu\u00f4ng\/ch\u1eef nh\u1eadt. \u1ee8ng d\u1ee5ng trong h\u1ec7 th\u1ed1ng th\u00f4ng gi\u00f3, \u0111i\u1ec1u h\u00f2a kh\u00f4ng kh\u00ed (HVAC) v\u00e0 h\u00fat kh\u00f3i PCCC. \u0110\u1ea3m b\u1ea3o l\u01b0u l\u01b0\u1ee3ng ph\u00e2n ph\u1ed1i \u0111\u1ed3ng \u0111\u1ec1u ho\u1eb7c theo y\u00eau c\u1ea7u thi\u1ebft k\u1ebf. V\u1eadt li\u1ec7u T\u00f4n tr\u00e1ng k\u1ebdm Z080 [&hellip;]<\/p>","protected":false},"featured_media":4752,"comment_status":"open","ping_status":"closed","template":"","meta":[],"product_brand":[],"product_cat":[18,23],"product_tag":[],"class_list":{"0":"post-4480","1":"product","2":"type-product","3":"status-publish","4":"has-post-thumbnail","6":"product_cat-all","7":"product_cat-ong-gio-vuong","9":"first","10":"instock","11":"taxable","12":"shipping-taxable","13":"product-type-simple"},"_links":{"self":[{"href":"https:\/\/onggiosaoviet.vn\/zh\/wp-json\/wp\/v2\/product\/4480","targetHints":{"allow":["GET"]}}],"collection":[{"href":"https:\/\/onggiosaoviet.vn\/zh\/wp-json\/wp\/v2\/product"}],"about":[{"href":"https:\/\/onggiosaoviet.vn\/zh\/wp-json\/wp\/v2\/types\/product"}],"replies":[{"embeddable":true,"href":"https:\/\/onggiosaoviet.vn\/zh\/wp-json\/wp\/v2\/comments?post=4480"}],"version-history":[{"count":3,"href":"https:\/\/onggiosaoviet.vn\/zh\/wp-json\/wp\/v2\/product\/4480\/revisions"}],"predecessor-version":[{"id":4875,"href":"https:\/\/onggiosaoviet.vn\/zh\/wp-json\/wp\/v2\/product\/4480\/revisions\/4875"}],"wp:featuredmedia":[{"embeddable":true,"href":"https:\/\/onggiosaoviet.vn\/zh\/wp-json\/wp\/v2\/media\/4752"}],"wp:attachment":[{"href":"https:\/\/onggiosaoviet.vn\/zh\/wp-json\/wp\/v2\/media?parent=4480"}],"wp:term":[{"taxonomy":"product_brand","embeddable":true,"href":"https:\/\/onggiosaoviet.vn\/zh\/wp-json\/wp\/v2\/product_brand?post=4480"},{"taxonomy":"product_cat","embeddable":true,"href":"https:\/\/onggiosaoviet.vn\/zh\/wp-json\/wp\/v2\/product_cat?post=4480"},{"taxonomy":"product_tag","embeddable":true,"href":"https:\/\/onggiosaoviet.vn\/zh\/wp-json\/wp\/v2\/product_tag?post=4480"}],"curies":[{"name":"wp","href":"https:\/\/api.w.org\/{rel}","templated":true}]}}