{"id":4481,"date":"2025-08-16T10:57:55","date_gmt":"2025-08-16T03:57:55","guid":{"rendered":"https:\/\/onggiosaoviet.vn\/?post_type=product&#038;p=4481"},"modified":"2026-05-11T07:52:32","modified_gmt":"2026-05-11T00:52:32","slug":"hop-gom-gio-chu-nhat","status":"publish","type":"product","link":"https:\/\/onggiosaoviet.vn\/zh\/product\/hop-gom-gio-chu-nhat\/","title":{"rendered":"\u77e9\u5f62\u7a7a\u6c14\u6536\u96c6\u7bb1"},"content":{"rendered":"<ol>\n<li><strong> \u7528\u9014<\/strong><\/li>\n<\/ol>\n<ul>\n<li>\u6536\u96c6\u6216\u5206\u914d\u6765\u81ea\u98ce\u6247\u3001AHU\u3001FCU \u6216\u4e2d\u592e\u7a7a\u8c03\u88c5\u7f6e\u7684\u7a7a\u6c14\u3002<\/li>\n<li>\u7a7a\u6c14\u901a\u8fc7\u901a\u98ce\u53e3\u3001\u67d4\u6027\u98ce\u7ba1\u6216\u5706\u5f62\u98ce\u7ba1\u8f93\u9001\u81f3\u623f\u95f4\u5185\u7684\u9001\u98ce\u4f4d\u7f6e\u3002<\/li>\n<li>\u5e2e\u52a9 <strong>\u6c14\u6d41\u5206\u5e03\u5747\u5300<\/strong> \u5e76\u5728\u7a7a\u6c14\u79bb\u5f00\u901a\u98ce\u53e3\u4e4b\u524d\u964d\u4f4e\u566a\u97f3\u3002<\/li>\n<\/ul>\n<ol start=\"2\">\n<li><strong> \u7ed3\u6784<\/strong><\/li>\n<\/ol>\n<ul>\n<li><strong>\u7bb1\u4f53<\/strong>\uff1a\u77e9\u5f62\u6216\u6b63\u65b9\u5f62\uff0c\u7ec4\u5408 <strong>\u5706\u9886<\/strong> \uff08\u5957\u73af\uff09\u7528\u4e8e\u8fde\u63a5\u5706\u5f62\u7ba1\u9053\u6216\u67d4\u6027\u7ba1\u9053\u3002<\/li>\n<li><strong>\u5706\u9886<\/strong>\uff1a\u5706\u8fb9\u6216\u88c5\u6709\u5bc6\u5c01\u57ab\u5708\uff0c\u7528\u94c6\u9489\u6216\u70b9\u710a\u56fa\u5b9a\u3002<\/li>\n<li><strong>\u8f93\u5165\/\u8f93\u51fa<\/strong>\uff1a\u53ef\u4ee5\u662f\u65b9\u5f62\u6cd5\u5170\uff08TDC\/TDF\uff09\u6216\u5f00\u653e\u5f0f\u8868\u9762\uff0c\u53ef\u76f4\u63a5\u8fde\u63a5\u5230\u98ce\u6247\/\u901a\u98ce\u53e3\u3002<\/li>\n<\/ul>\n<ol start=\"3\">\n<li><strong> \u6750\u6599<\/strong><\/li>\n<\/ol>\n<ul>\n<li><strong>\u9540\u950c\u94a2 Z080<\/strong> \uff08Hoa Sen \/ Hoa Phat\uff09\u6807\u51c6\uff0c\u539a\u5ea6 0.58 - 1.15 \u6beb\u7c73\uff0c\u5177\u4f53\u53d6\u51b3\u4e8e\u5c3a\u5bf8\u3002<\/li>\n<li>\u9009\u9879\uff1a <strong>\u4e0d\u9508\u94a2 304\/201<\/strong> \u5982\u679c\u7f8e\u89c2\u8981\u6c42\u9ad8\u6216\u73af\u5883\u8150\u8680\uff0c\u5219\u91c7\u7528\u7c89\u672b\u6d82\u5c42\u94a2\u3002<\/li>\n<li>\u8868\u9762\u53ef\u4ee5 <strong>\u7edd\u7f18<\/strong> \u7528\u73bb\u7483\u68c9\u6216\u786b\u5316\u6a61\u80f6\u6765\u51cf\u5c11\u70ed\u91cf\u635f\u5931\u548c\u566a\u97f3\u3002<\/li>\n<\/ul>\n<ol start=\"4\">\n<li><strong> \u89c4\u683c - \u5c3a\u5bf8<\/strong><\/li>\n<\/ol>\n<ul>\n<li>\u7bb1\u4f53\u5c3a\u5bf8\uff08\u5bbd\u00d7\u9ad8\u00d7\u957f\uff09\u6839\u636e\u8bbe\u8ba1\u56fe\u6216\u5b9e\u9645\u8981\u6c42\u3002<\/li>\n<li>\u5706\u9888\u6570\u91cf\uff1a\u6839\u636e\u9700\u8981\uff0c1-6\u4e2a\u9888\u3002<\/li>\n<li>\u5706\u9888\u76f4\u5f84\uff08\u00d8\uff09\uff1a100 \u2013 500 \u6beb\u7c73\u3002<\/li>\n<li>\u9888\u957f\uff1a50 \u2013 100 \u6beb\u7c73\uff0c\u5e26\u7ba1\u67b6\u3002<\/li>\n<\/ul>\n<ol start=\"5\">\n<li><strong> \u52a0\u5de5<\/strong><\/li>\n<\/ol>\n<ul>\n<li>\u7bb1\u4f53\u91c7\u7528\u5339\u5179\u5821\u63a5\u7f1d\u6216\u70b9\u710a\uff0c\u4fdd\u8bc1\u4e86\u8f83\u9ad8\u7684\u6c14\u5bc6\u6027\u3002<\/li>\n<li>\u5706\u9888\u91c7\u7528\u4e13\u7528\u673a\u5668\u51b2\u538b\u3001\u4fee\u8fb9\uff0c\u786e\u4fdd\u5706\u5ea6\u5747\u5300\uff0c\u4e0e\u67d4\u6027\u98ce\u7ba1\u7d27\u5bc6\u8d34\u5408\u3002<\/li>\n<li>\u6240\u6709\u63a5\u7f1d\u5747\u7528\u5bc6\u5c01\u5242\u5904\u7406\uff0c\u4ee5\u9632\u6b62\u6f0f\u6c14\u3002<\/li>\n<\/ul>\n<ol start=\"6\">\n<li><strong> \u5e94\u7528<\/strong><\/li>\n<\/ol>\n<ul>\n<li><strong>\u6696\u901a\u7a7a\u8c03\u7cfb\u7edf<\/strong>\uff1a\u4e2d\u592e\u7a7a\u8c03\u51b7\u98ce\u4f9b\u5e94\u3002<\/li>\n<li><strong>\u901a\u98ce\u7cfb\u7edf<\/strong>\uff1a\u5c06\u65b0\u9c9c\u7a7a\u6c14\u9001\u5165\u623f\u95f4\u3002<\/li>\n<li><strong>\u6d88\u9632\u6392\u70df\u7cfb\u7edf<\/strong>\uff1a\u5c06\u6765\u81ea\u591a\u4e2a\u67d4\u6027\u7ba1\u9053\u5206\u652f\u7684\u70df\u96fe\u6536\u96c6\u5230\u4e3b\u7ba1\u9053\u4e2d\u3002<\/li>\n<\/ul>\n<ol start=\"7\">\n<li><strong> \u4f18\u52bf<\/strong><\/li>\n<\/ol>\n<ul>\n<li><strong>\u7a7a\u6c14\u5206\u5e03\u5747\u5300<\/strong> \u4ee5\u53ca\u538b\u529b\u7a81\u7136\u4e0b\u964d\u3002<\/li>\n<li><strong>\u9ad8\u6c14\u5bc6\u6027<\/strong> \u2192 \u51cf\u5c11\u80fd\u91cf\u635f\u5931\u3002<\/li>\n<li><strong>\u7075\u6d3b\u7684<\/strong>\uff1a\u6613\u4e8e\u5b89\u88c5\u5728\u8bb8\u591a\u4e0d\u540c\u7684\u7ba1\u9053\u7cfb\u7edf\u4e2d\u3002<\/li>\n<li><strong>\u5b9a\u5236\u52a0\u5de5<\/strong>\uff1a\u5c3a\u5bf8\u3001\u9888\u90e8\u6570\u91cf\u3001\u9888\u90e8\u4f4d\u7f6e\u548c\u5b9a\u5236\u6750\u6599\u3002<\/li>\n<\/ul>","protected":false},"excerpt":{"rendered":"<p>C\u00f4ng d\u1ee5ng Thu gom ho\u1eb7c ph\u00e2n ph\u1ed1i gi\u00f3 t\u1eeb qu\u1ea1t gi\u00f3, AHU, FCU ho\u1eb7c d\u00e0n l\u1ea1nh \u0111i\u1ec1u h\u00f2a trung t\u00e2m. D\u1eabn kh\u00ed qua c\u1eeda gi\u00f3, \u1ed1ng gi\u00f3 m\u1ec1m ho\u1eb7c \u1ed1ng gi\u00f3 tr\u00f2n t\u1edbi c\u00e1c v\u1ecb tr\u00ed c\u1ea5p gi\u00f3 trong ph\u00f2ng. Gi\u00fap l\u01b0u l\u01b0\u1ee3ng gi\u00f3 ph\u00e2n b\u1ed5 \u0111\u1ec1u v\u00e0 gi\u1ea3m ti\u1ebfng \u1ed3n tr\u01b0\u1edbc khi kh\u00ed ra [&hellip;]<\/p>","protected":false},"featured_media":4753,"comment_status":"open","ping_status":"closed","template":"","meta":[],"product_brand":[],"product_cat":[18],"product_tag":[],"class_list":{"0":"post-4481","1":"product","2":"type-product","3":"status-publish","4":"has-post-thumbnail","6":"product_cat-all","8":"first","9":"instock","10":"taxable","11":"shipping-taxable","12":"product-type-simple"},"_links":{"self":[{"href":"https:\/\/onggiosaoviet.vn\/zh\/wp-json\/wp\/v2\/product\/4481","targetHints":{"allow":["GET"]}}],"collection":[{"href":"https:\/\/onggiosaoviet.vn\/zh\/wp-json\/wp\/v2\/product"}],"about":[{"href":"https:\/\/onggiosaoviet.vn\/zh\/wp-json\/wp\/v2\/types\/product"}],"replies":[{"embeddable":true,"href":"https:\/\/onggiosaoviet.vn\/zh\/wp-json\/wp\/v2\/comments?post=4481"}],"version-history":[{"count":2,"href":"https:\/\/onggiosaoviet.vn\/zh\/wp-json\/wp\/v2\/product\/4481\/revisions"}],"predecessor-version":[{"id":4861,"href":"https:\/\/onggiosaoviet.vn\/zh\/wp-json\/wp\/v2\/product\/4481\/revisions\/4861"}],"wp:featuredmedia":[{"embeddable":true,"href":"https:\/\/onggiosaoviet.vn\/zh\/wp-json\/wp\/v2\/media\/4753"}],"wp:attachment":[{"href":"https:\/\/onggiosaoviet.vn\/zh\/wp-json\/wp\/v2\/media?parent=4481"}],"wp:term":[{"taxonomy":"product_brand","embeddable":true,"href":"https:\/\/onggiosaoviet.vn\/zh\/wp-json\/wp\/v2\/product_brand?post=4481"},{"taxonomy":"product_cat","embeddable":true,"href":"https:\/\/onggiosaoviet.vn\/zh\/wp-json\/wp\/v2\/product_cat?post=4481"},{"taxonomy":"product_tag","embeddable":true,"href":"https:\/\/onggiosaoviet.vn\/zh\/wp-json\/wp\/v2\/product_tag?post=4481"}],"curies":[{"name":"wp","href":"https:\/\/api.w.org\/{rel}","templated":true}]}}