{"id":4482,"date":"2025-08-16T11:10:47","date_gmt":"2025-08-16T04:10:47","guid":{"rendered":"https:\/\/onggiosaoviet.vn\/?post_type=product&#038;p=4482"},"modified":"2026-05-04T23:01:00","modified_gmt":"2026-05-04T16:01:00","slug":"ong-gio-vuong-chu-nhat","status":"publish","type":"product","link":"https:\/\/onggiosaoviet.vn\/zh\/product\/ong-gio-vuong-chu-nhat\/","title":{"rendered":"\u65b9\u5f62\/\u77e9\u5f62\u98ce\u7ba1"},"content":{"rendered":"<ol>\n<li><strong> \u7528\u9014<\/strong><\/li>\n<\/ol>\n<ul>\n<li>\u7cfb\u7edf\u4e2d\u7684\u7a7a\u6c14\u4f20\u5bfc\u548c\u5206\u5e03 <strong>\u6696\u901a\u7a7a\u8c03\u7cfb\u7edf<\/strong>\uff1a\u51b7\u9001\u98ce\u3001\u65b0\u98ce\u3001\u56de\u98ce\u3001\u6392\u98ce\u3002<\/li>\n<li>\u7cfb\u7edf\u4e2d\u7684\u5e94\u7528 <strong>\u901a\u98ce \u2013 \u7a7a\u8c03 \u2013 \u6392\u70df \u9632\u706b<\/strong> \u9002\u7528\u4e8e\u9ad8\u5c42\u5efa\u7b51\u3001\u5546\u4e1a\u4e2d\u5fc3\u3001\u5de5\u4e1a\u5382\u623f\u3002<\/li>\n<li>\u5f53\u5b89\u88c5\u7a7a\u95f4\u9ad8\u5ea6\u6709\u9650\uff0c\u6216\u7ba1\u9053\u9700\u8981\u9760\u8fd1\u5929\u82b1\u677f\u6216\u6cbf\u5899\u5e03\u7f6e\u65f6\u4f18\u5148\u4f7f\u7528\u3002<\/li>\n<\/ul>\n<ol start=\"2\">\n<li><strong> \u6750\u6599<\/strong><\/li>\n<\/ol>\n<ul>\n<li><strong>\u9540\u950c\u94a2 Z080<\/strong> \uff08Hoa Sen \/ Hoa Phat\uff09\u2014\u2014\u9632\u8150\u8680\u3001\u9ad8\u8010\u7528\u6027\u3002<\/li>\n<li>\u6807\u51c6\u539a\u5ea6\uff08\u6839\u636e\u7ba1\u9053\u5c3a\u5bf8\u548c\u98ce\u538b\uff09\uff1a\n<ul>\n<li>0.48 \u6beb\u7c73 \u2013 0.58 \u6beb\u7c73\u4e3a\u5c0f\u5c3a\u5bf8\u3001\u4f4e\u538b\u3002<\/li>\n<li>0.75 \u6beb\u7c73 \u2013 0.95 \u6beb\u7c73\u4e3a\u4e2d\u7b49\u5c3a\u5bf8\u3001\u4e2d\u7b49\u538b\u529b\u3002<\/li>\n<li>1.15mm\u4e3a\u5927\u5c3a\u5bf8\uff0c\u9ad8\u538b\u3002<\/li>\n<\/ul>\n<\/li>\n<li>\u9009\u9879\uff1a <strong>\u4e0d\u9508\u94a2 304\/201<\/strong> \u6216\u7528\u4e8e\u7279\u6b8a\u73af\u5883\u7684\u7c89\u672b\u6d82\u5c42\u94a2\u3002<\/li>\n<\/ul>\n<ol start=\"3\">\n<li><strong> \u89c4\u683c - \u5c3a\u5bf8<\/strong><\/li>\n<\/ol>\n<ul>\n<li>\u6a2a\u622a\u9762\u5c3a\u5bf8\uff1a <strong>\u5bbd\u00d7\u9ad8<\/strong> \u6839\u636e\u8bbe\u8ba1\u56fe\u7eb8\u3002<\/li>\n<li>\u6bcf\u6bb5\u6807\u51c6\u957f\u5ea6\uff1a1200mm\u677f\u6599\u4e3a1100mm\uff08\u6700\u4f73\u8fd0\u8f93\u548c\u5b89\u88c5\uff09\u3002<\/li>\n<li>\u5f62\u72b6\uff1a\u6b63\u65b9\u5f62\u6216\u957f\u65b9\u5f62\uff0c\u53ef\u6839\u636e\u9700\u8981\u8bbe\u7f6e\u5706\u89d2\u3002<\/li>\n<\/ul>\n<ol start=\"4\">\n<li><strong> \u7ed3\u6784\u4e0e\u52a0\u5de5<\/strong><\/li>\n<\/ol>\n<ul>\n<li>\u5339\u5179\u5821\u63a5\u7f1d\u3001\u5c42\u538b\u6216\u6c14\u5c01\u7b26\u5408 SMACNA\/DW144 \u6807\u51c6\u3002<\/li>\n<li>\u4e24\u7aef\u7ba1\u9644\u4ef6 <strong>TDC\/TDF\u6cd5\u5170<\/strong> \u6216\u8005 <strong>\u6ed1\u884c\u4e0e\u9a7e\u9a76<\/strong> \u65b9\u4fbf\u73b0\u573a\u7ec4\u88c5\u3002<\/li>\n<li>\u6cbf\u7ba1\u58c1\u52a0\u5f3a\u7b4b\uff0c\u9632\u6b62\u632f\u52a8\u548c\u53d8\u5f62\u3002<\/li>\n<li>\u63a5\u7f1d\u5904\u91c7\u7528\u5bc6\u5c01\u80f6\u5bc6\u5c01\u6216\u52a0\u88c5EPDM\u6a61\u80f6\u57ab\u5708\u3002<\/li>\n<\/ul>\n<ol start=\"5\">\n<li><strong> \u5e94\u7528<\/strong><\/li>\n<\/ol>\n<ul>\n<li><strong>\u9ad8\u5c42\u5efa\u7b51<\/strong>\uff1a\u8d2d\u7269\u4e2d\u5fc3\u3001\u529e\u516c\u5ba4\u3001\u516c\u5bd3\u3002<\/li>\n<li><strong>\u5de5\u4e1a\u5de5\u5382<\/strong>\uff1a\u670d\u88c5\u5382\u3001\u52a0\u5de5\u5382\u3001\u4ed3\u5e93\u3002<\/li>\n<li><strong>\u7279\u522b\u9879\u76ee<\/strong>\uff1a\u533b\u9662\u3001\u5b66\u6821\u3001\u4f53\u80b2\u9986\u3002<\/li>\n<\/ul>\n<ol start=\"6\">\n<li><strong> \u4f18\u52bf<\/strong><\/li>\n<\/ol>\n<ul>\n<li><strong>\u98ce\u91cf\u5927<\/strong> \u4e0e\u4f4e\u7a7a\u95f4\u4e2d\u7684\u5706\u7ba1\u5177\u6709\u76f8\u540c\u7684\u6a2a\u622a\u9762\u3002<\/li>\n<li><strong>\u7d27\u5bc6\u3001\u7262\u56fa<\/strong>\u3001\u9632\u6f0f\u6c14\u3001\u51cf\u5c11\u538b\u529b\u635f\u5931\u3002<\/li>\n<li><strong>\u5b89\u88c5\u7075\u6d3b<\/strong> \u5177\u6709\u591a\u79cd\u7c7b\u578b\u7684\u6cd5\u5170\u548c\u914d\u5957\u9644\u4ef6\u3002<\/li>\n<li><strong>\u5b9a\u5236\u52a0\u5de5<\/strong> \u5c3a\u5bf8\u3001\u6750\u6599\u3001\u9632\u706b\u6807\u51c6\uff08EI30\/60\/120\uff09\u3002<\/li>\n<\/ul>","protected":false},"excerpt":{"rendered":"<p>C\u00f4ng d\u1ee5ng D\u1eabn v\u00e0 ph\u00e2n ph\u1ed1i kh\u00f4ng kh\u00ed trong h\u1ec7 th\u1ed1ng HVAC: c\u1ea5p gi\u00f3 l\u1ea1nh, gi\u00f3 t\u01b0\u01a1i, gi\u00f3 h\u1ed3i, gi\u00f3 th\u1ea3i. \u1ee8ng d\u1ee5ng trong h\u1ec7 th\u1ed1ng th\u00f4ng gi\u00f3 \u2013 \u0111i\u1ec1u h\u00f2a kh\u00f4ng kh\u00ed \u2013 h\u00fat kh\u00f3i PCCC cho nh\u00e0 cao t\u1ea7ng, trung t\u00e2m th\u01b0\u01a1ng m\u1ea1i, nh\u00e0 x\u01b0\u1edfng c\u00f4ng nghi\u1ec7p. \u01afu ti\u00ean s\u1eed d\u1ee5ng khi kh\u00f4ng [&hellip;]<\/p>","protected":false},"featured_media":4755,"comment_status":"open","ping_status":"closed","template":"","meta":[],"product_brand":[],"product_cat":[18,23],"product_tag":[],"class_list":{"0":"post-4482","1":"product","2":"type-product","3":"status-publish","4":"has-post-thumbnail","6":"product_cat-all","7":"product_cat-ong-gio-vuong","9":"first","10":"instock","11":"taxable","12":"shipping-taxable","13":"product-type-simple"},"_links":{"self":[{"href":"https:\/\/onggiosaoviet.vn\/zh\/wp-json\/wp\/v2\/product\/4482","targetHints":{"allow":["GET"]}}],"collection":[{"href":"https:\/\/onggiosaoviet.vn\/zh\/wp-json\/wp\/v2\/product"}],"about":[{"href":"https:\/\/onggiosaoviet.vn\/zh\/wp-json\/wp\/v2\/types\/product"}],"replies":[{"embeddable":true,"href":"https:\/\/onggiosaoviet.vn\/zh\/wp-json\/wp\/v2\/comments?post=4482"}],"version-history":[{"count":2,"href":"https:\/\/onggiosaoviet.vn\/zh\/wp-json\/wp\/v2\/product\/4482\/revisions"}],"predecessor-version":[{"id":4862,"href":"https:\/\/onggiosaoviet.vn\/zh\/wp-json\/wp\/v2\/product\/4482\/revisions\/4862"}],"wp:featuredmedia":[{"embeddable":true,"href":"https:\/\/onggiosaoviet.vn\/zh\/wp-json\/wp\/v2\/media\/4755"}],"wp:attachment":[{"href":"https:\/\/onggiosaoviet.vn\/zh\/wp-json\/wp\/v2\/media?parent=4482"}],"wp:term":[{"taxonomy":"product_brand","embeddable":true,"href":"https:\/\/onggiosaoviet.vn\/zh\/wp-json\/wp\/v2\/product_brand?post=4482"},{"taxonomy":"product_cat","embeddable":true,"href":"https:\/\/onggiosaoviet.vn\/zh\/wp-json\/wp\/v2\/product_cat?post=4482"},{"taxonomy":"product_tag","embeddable":true,"href":"https:\/\/onggiosaoviet.vn\/zh\/wp-json\/wp\/v2\/product_tag?post=4482"}],"curies":[{"name":"wp","href":"https:\/\/api.w.org\/{rel}","templated":true}]}}