{"id":4483,"date":"2025-08-16T11:11:34","date_gmt":"2025-08-16T04:11:34","guid":{"rendered":"https:\/\/onggiosaoviet.vn\/?post_type=product&#038;p=4483"},"modified":"2026-05-07T16:56:13","modified_gmt":"2026-05-07T09:56:13","slug":"ong-bu-ei30-ei46-boc-thach-cao-9-5mm","status":"publish","type":"product","link":"https:\/\/onggiosaoviet.vn\/zh\/product\/ong-bu-ei30-ei46-boc-thach-cao-9-5mm\/","title":{"rendered":"\u8865\u507f\u7ba1 EI30 \u2013 EI46"},"content":{"rendered":"<p><strong>\u8865\u507f\u7ba1 EI30 \u2013 EI46 \u77f3\u818f\u6d82\u5c42 9.5mm<\/strong><\/p>\n<p>\ud83d\udccc <strong>\u4ea7\u54c1\u63cf\u8ff0\uff1a<\/strong><br \/>\n\u8865\u507f\u7ba1 EI30 \u2013 EI46 \u7528\u4e8e\u5b89\u88c5\u5230\u7ba1\u9053\u63a5\u5934\u4e2d\u3002 <strong>\u957f\u5ea6\u5c0f\u4e8e\u6807\u51c61100mm<\/strong>\uff0c\u786e\u4fdd\u6574\u4e2a\u7cfb\u7edf\u7684\u5c3a\u5bf8\u3001\u8010\u706b\u6027\u80fd\u548c\u8fd0\u884c\u6548\u7387\u7684\u7edf\u4e00\u6027\u3002<\/p>\n<p><strong>\ud83d\udd39<\/strong><strong> \u6280\u672f\u7ed3\u6784\uff1a<\/strong><\/p>\n<ul>\n<li><strong>\u4e3b\u8981\u6750\u6599\uff1a<\/strong> 0.75mm\u9540\u950c\u94a2\u677fZ080\uff08Hoa Sen\u3001Hoa Phat\uff09\uff0c\u539a\u5ea6\u6839\u636e\u56fe\u7eb8\u8981\u6c42\u3002<\/li>\n<li><strong>\u9632\u706b\u6d82\u6599\uff1a<\/strong> 9.5mm\u539a\u7684\u9632\u706b\u77f3\u818f\uff0c\u7262\u56fa\u5730\u56fa\u5b9a\u5728\u7ba1\u4f53\u4e0a\uff0c\u6709\u52a9\u4e8e\u63d0\u9ad8\u8010\u70ed\u6027\u3002<\/li>\n<li><strong>\u8010\u706b\u6307\u6807\uff1a<\/strong> \u6839\u636e\u8bbe\u8ba1\u8981\u6c42\u91c7\u7528EI30\u6216EI46\uff0c\u786e\u4fdd\u6c11\u7528\u548c\u5de5\u4e1a\u5de5\u7a0b\u7684\u9632\u706b\u6807\u51c6\u3002<\/li>\n<li><strong>\u6cd5\u5170\u7ed3\u6784\uff1a<\/strong> \u6309\u7167\u6807\u51c6\u91c7\u7528TDC\u6cd5\u5170\u6216\u65b9\u5f62\u6cd5\u5170\uff0c\u4fdd\u8bc1\u5bc6\u5c01\u6027\uff0c\u6613\u4e8e\u5b89\u88c5\u3002<\/li>\n<\/ul>\n<p><strong>\ud83d\udd39<\/strong><strong> \u4eae\u70b9\uff1a<\/strong><\/p>\n<ul>\n<li>\u6613\u4e8e\u7ec4\u88c5\u5230\u9700\u8981\u5c3a\u5bf8\u8865\u507f\u7684\u4f4d\u7f6e\uff0c\u4e14\u4e0d\u5f71\u54cd\u6574\u4f53\u7ed3\u6784\u3002<\/li>\n<li>\u7b26\u5408\u6d88\u9632\u884c\u4e1a\u89c4\u5b9a\u7684\u6d88\u9632\u5b89\u5168\u6807\u51c6\u3002<\/li>\n<li>\u7cbe\u5bc6\u52a0\u5de5\uff0c\u8868\u9762\u5e73\u6574\uff0c\u63a5\u5934\u575a\u56fa\u3002<\/li>\n<\/ul>\n<p><strong>\ud83d\udd39<\/strong><strong> \u5e94\u7528\uff1a<\/strong><\/p>\n<ul>\n<li>\u9632\u706b\u6392\u70df\u7ba1\u9053\u7cfb\u7edf\u3002<\/li>\n<li>\u6709\u9632\u706b\u8981\u6c42\u7684\u5efa\u7b51\u7684\u65b0\u98ce\u9001\u98ce\u6216\u56de\u98ce\u7cfb\u7edf\u3002<\/li>\n<li>\u5de5\u4e1a\u5de5\u5382\u3001\u5546\u4e1a\u4e2d\u5fc3\u3001\u9ad8\u5c42\u5efa\u7b51\u3002<\/li>\n<\/ul>","protected":false},"excerpt":{"rendered":"<p>\u1ed0NG B\u00d9 EI30 \u2013 EI46 B\u1eccC TH\u1ea0CH CAO 9.5mm \ud83d\udccc M\u00f4 t\u1ea3 s\u1ea3n ph\u1ea9m: \u1ed0ng b\u00f9 EI30 \u2013 EI46 \u0111\u01b0\u1ee3c s\u1eed d\u1ee5ng \u0111\u1ec3 l\u1eafp v\u00e0o c\u00e1c \u0111o\u1ea1n n\u1ed1i \u1ed1ng gi\u00f3 c\u00f3 chi\u1ec1u d\u00e0i nh\u1ecf h\u01a1n ti\u00eau chu\u1ea9n 1100mm, \u0111\u1ea3m b\u1ea3o s\u1ef1 \u0111\u1ed3ng b\u1ed9 v\u1ec1 k\u00edch th\u01b0\u1edbc, kh\u1ea3 n\u0103ng ch\u1ecbu l\u1eeda v\u00e0 hi\u1ec7u qu\u1ea3 v\u1eadn h\u00e0nh [&hellip;]<\/p>","protected":false},"featured_media":4757,"comment_status":"open","ping_status":"closed","template":"","meta":[],"product_brand":[],"product_cat":[18,23],"product_tag":[],"class_list":{"0":"post-4483","1":"product","2":"type-product","3":"status-publish","4":"has-post-thumbnail","6":"product_cat-all","7":"product_cat-ong-gio-vuong","9":"first","10":"instock","11":"taxable","12":"shipping-taxable","13":"product-type-simple"},"_links":{"self":[{"href":"https:\/\/onggiosaoviet.vn\/zh\/wp-json\/wp\/v2\/product\/4483","targetHints":{"allow":["GET"]}}],"collection":[{"href":"https:\/\/onggiosaoviet.vn\/zh\/wp-json\/wp\/v2\/product"}],"about":[{"href":"https:\/\/onggiosaoviet.vn\/zh\/wp-json\/wp\/v2\/types\/product"}],"replies":[{"embeddable":true,"href":"https:\/\/onggiosaoviet.vn\/zh\/wp-json\/wp\/v2\/comments?post=4483"}],"version-history":[{"count":4,"href":"https:\/\/onggiosaoviet.vn\/zh\/wp-json\/wp\/v2\/product\/4483\/revisions"}],"predecessor-version":[{"id":4877,"href":"https:\/\/onggiosaoviet.vn\/zh\/wp-json\/wp\/v2\/product\/4483\/revisions\/4877"}],"wp:featuredmedia":[{"embeddable":true,"href":"https:\/\/onggiosaoviet.vn\/zh\/wp-json\/wp\/v2\/media\/4757"}],"wp:attachment":[{"href":"https:\/\/onggiosaoviet.vn\/zh\/wp-json\/wp\/v2\/media?parent=4483"}],"wp:term":[{"taxonomy":"product_brand","embeddable":true,"href":"https:\/\/onggiosaoviet.vn\/zh\/wp-json\/wp\/v2\/product_brand?post=4483"},{"taxonomy":"product_cat","embeddable":true,"href":"https:\/\/onggiosaoviet.vn\/zh\/wp-json\/wp\/v2\/product_cat?post=4483"},{"taxonomy":"product_tag","embeddable":true,"href":"https:\/\/onggiosaoviet.vn\/zh\/wp-json\/wp\/v2\/product_tag?post=4483"}],"curies":[{"name":"wp","href":"https:\/\/api.w.org\/{rel}","templated":true}]}}