{"id":4484,"date":"2025-08-16T11:12:16","date_gmt":"2025-08-16T04:12:16","guid":{"rendered":"https:\/\/onggiosaoviet.vn\/?post_type=product&#038;p=4484"},"modified":"2025-08-25T10:48:11","modified_gmt":"2025-08-25T03:48:11","slug":"cut-goc-vuong-ong-gio","status":"publish","type":"product","link":"https:\/\/onggiosaoviet.vn\/zh\/product\/cut-goc-vuong-ong-gio\/","title":{"rendered":"\u76f4\u89d2\u98ce\u7ba1\u5f2f\u5934"},"content":{"rendered":"<p>\ud83d\udccc <strong>\u4ea7\u54c1\u63cf\u8ff0\uff1a<\/strong><br \/>\n\u76f4\u89d2\u5f2f\u5934\u662f\u4e00\u79cd\u7528\u4e8e <strong>\u4ee5 90\u00b0 \u89d2\u6539\u53d8\u6c14\u6d41\u65b9\u5411<\/strong>\uff0c\u4f7f\u98ce\u7ba1\u7cfb\u7edf\u80fd\u591f\u7075\u6d3b\u5e03\u7f6e\uff0c\u9002\u5408\u5efa\u7b51\u7a7a\u95f4\uff0c\u540c\u65f6\u4ecd\u80fd\u4fdd\u8bc1\u8bbe\u8ba1\u98ce\u91cf\u548c\u98ce\u538b\u3002<\/p>\n<p><strong>\ud83d\udd39<\/strong><strong> \u6280\u672f\u7ed3\u6784\uff1a<\/strong><\/p>\n<ul>\n<li><strong>\u6750\u6599\uff1a<\/strong> \u9540\u950c\u94a2 Z080\uff08Hoa Sen\u3001Hoa Phat\uff09\u6216\u4e0d\u9508\u94a2\uff08\u6839\u636e\u9700\u8981\uff09\uff0c\u539a\u5ea6 0.58 - 1.15 \u6beb\u7c73\uff0c\u53d6\u51b3\u4e8e\u76f4\u5f84\u548c\u5de5\u4f5c\u538b\u529b\u3002<\/li>\n<li><strong>\u7ed3\u6784\uff1a<\/strong> \u7531\u6210\u578b\u7684\u6ce2\u7eb9\u94c1\u76ae\u52a0\u5de5\u800c\u6210\uff0c\u901a\u8fc7\u63a5\u7f1d\u3001\u710a\u63a5\u6216\u94c6\u63a5\u8fde\u63a5\uff0c\u786e\u4fdd\u9ad8\u5ea6\u5bc6\u5c01\u6027\u3002<\/li>\n<li><strong>\u6cd5\u5170\uff1a<\/strong> \u6839\u636e\u8bbe\u8ba1\u6807\u51c6\u4f7f\u7528 TDC\u3001TDF \u6cd5\u5170\u6216\u5355\u72ec\u6cd5\u5170\uff0c\u4ee5\u4fbf\u8f7b\u677e\u8fde\u63a5\u5230\u5176\u4ed6\u7ba1\u9053\u90e8\u5206\u3002<\/li>\n<li><strong>\u52a0\u5f3a\uff1a<\/strong> \u53ef\u4ee5\u6dfb\u52a0\u52a0\u5f3a\u7b4b\uff0c\u4ee5\u51cf\u5c11\u8fd0\u884c\u8fc7\u7a0b\u4e2d\u7684\u53d8\u5f62\u548c\u632f\u52a8\u3002<\/li>\n<li><strong>\u8868\u9762\u5904\u7406\uff1a<\/strong> \u9632\u6b62\u8150\u8680\uff0c\u786e\u4fdd\u957f\u4f7f\u7528\u5bff\u547d\u3002<\/li>\n<\/ul>\n<p><strong>\ud83d\udd39<\/strong><strong> \u4eae\u70b9\uff1a<\/strong><\/p>\n<ul>\n<li>\u98ce\u5411\u5e73\u7a33\uff0c\u6700\u5927\u9650\u5ea6\u51cf\u5c11\u538b\u529b\u635f\u5931\u3002<\/li>\n<li>\u6613\u4e8e\u5b89\u88c5\u3001\u62c6\u5378\u548c\u7ef4\u62a4\u3002<\/li>\n<li>\u7cbe\u5bc6\u52a0\u5de5\uff0c\u7b26\u5408\u6696\u901a\u7a7a\u8c03\u53ca\u6d88\u9632\u7cfb\u7edf\u7684\u6280\u672f\u6807\u51c6\u3002<\/li>\n<\/ul>\n<p><strong>\ud83d\udd39<\/strong><strong> \u5e94\u7528\uff1a<\/strong><\/p>\n<ul>\n<li>\u6d88\u9632\u9001\u98ce\u3001\u56de\u98ce\u3001\u6392\u98ce\u7ba1\u9053\u7cfb\u7edf\u3002<\/li>\n<li>\u5de5\u5382\u9879\u76ee\u3001\u5546\u4e1a\u4e2d\u5fc3\u3001\u529e\u516c\u697c\u3001\u505c\u8f66\u573a\u3002<\/li>\n<\/ul>","protected":false},"excerpt":{"rendered":"<p>\ud83d\udccc M\u00f4 t\u1ea3 s\u1ea3n ph\u1ea9m: C\u00fat g\u00f3c vu\u00f4ng l\u00e0 ph\u1ee5 ki\u1ec7n \u1ed1ng gi\u00f3 \u0111\u01b0\u1ee3c s\u1eed d\u1ee5ng \u0111\u1ec3 chuy\u1ec3n h\u01b0\u1edbng d\u00f2ng kh\u00f4ng kh\u00ed theo g\u00f3c 90\u00b0, gi\u00fap h\u1ec7 th\u1ed1ng \u1ed1ng gi\u00f3 linh ho\u1ea1t trong b\u1ed1 tr\u00ed, ph\u00f9 h\u1ee3p v\u1edbi kh\u00f4ng gian c\u00f4ng tr\u00ecnh m\u00e0 v\u1eabn \u0111\u1ea3m b\u1ea3o l\u01b0u l\u01b0\u1ee3ng v\u00e0 \u00e1p su\u1ea5t gi\u00f3 theo thi\u1ebft k\u1ebf. [&hellip;]<\/p>","protected":false},"featured_media":4758,"comment_status":"open","ping_status":"closed","template":"","meta":[],"product_brand":[],"product_cat":[18,23],"product_tag":[],"class_list":{"0":"post-4484","1":"product","2":"type-product","3":"status-publish","4":"has-post-thumbnail","6":"product_cat-all","7":"product_cat-ong-gio-vuong","9":"first","10":"instock","11":"taxable","12":"shipping-taxable","13":"product-type-simple"},"_links":{"self":[{"href":"https:\/\/onggiosaoviet.vn\/zh\/wp-json\/wp\/v2\/product\/4484","targetHints":{"allow":["GET"]}}],"collection":[{"href":"https:\/\/onggiosaoviet.vn\/zh\/wp-json\/wp\/v2\/product"}],"about":[{"href":"https:\/\/onggiosaoviet.vn\/zh\/wp-json\/wp\/v2\/types\/product"}],"replies":[{"embeddable":true,"href":"https:\/\/onggiosaoviet.vn\/zh\/wp-json\/wp\/v2\/comments?post=4484"}],"version-history":[{"count":2,"href":"https:\/\/onggiosaoviet.vn\/zh\/wp-json\/wp\/v2\/product\/4484\/revisions"}],"predecessor-version":[{"id":4865,"href":"https:\/\/onggiosaoviet.vn\/zh\/wp-json\/wp\/v2\/product\/4484\/revisions\/4865"}],"wp:featuredmedia":[{"embeddable":true,"href":"https:\/\/onggiosaoviet.vn\/zh\/wp-json\/wp\/v2\/media\/4758"}],"wp:attachment":[{"href":"https:\/\/onggiosaoviet.vn\/zh\/wp-json\/wp\/v2\/media?parent=4484"}],"wp:term":[{"taxonomy":"product_brand","embeddable":true,"href":"https:\/\/onggiosaoviet.vn\/zh\/wp-json\/wp\/v2\/product_brand?post=4484"},{"taxonomy":"product_cat","embeddable":true,"href":"https:\/\/onggiosaoviet.vn\/zh\/wp-json\/wp\/v2\/product_cat?post=4484"},{"taxonomy":"product_tag","embeddable":true,"href":"https:\/\/onggiosaoviet.vn\/zh\/wp-json\/wp\/v2\/product_tag?post=4484"}],"curies":[{"name":"wp","href":"https:\/\/api.w.org\/{rel}","templated":true}]}}